{"id":44,"date":"2020-03-15T09:33:03","date_gmt":"2020-03-15T09:33:03","guid":{"rendered":"https:\/\/zchraeiligegmacht.ch\/?page_id=44"},"modified":"2022-08-29T05:26:33","modified_gmt":"2022-08-29T05:26:33","slug":"ueber-uns","status":"publish","type":"page","link":"https:\/\/zchraeiligegmacht.ch\/?page_id=44","title":{"rendered":"\u00dcber uns"},"content":{"rendered":"\n<figure class=\"wp-block-image size-large is-resized\"><img loading=\"lazy\" decoding=\"async\" src=\"https:\/\/zchraeiligegmacht.ch\/wp-content\/uploads\/2020\/03\/zChra\u0308ilige-gmacht-6-von-83-683x1024.jpg\" alt=\"\" class=\"wp-image-211\" width=\"339\" height=\"507\" srcset=\"https:\/\/zchraeiligegmacht.ch\/wp-content\/uploads\/2020\/03\/zChra\u0308ilige-gmacht-6-von-83-683x1024.jpg 683w, https:\/\/zchraeiligegmacht.ch\/wp-content\/uploads\/2020\/03\/zChra\u0308ilige-gmacht-6-von-83-200x300.jpg 200w, https:\/\/zchraeiligegmacht.ch\/wp-content\/uploads\/2020\/03\/zChra\u0308ilige-gmacht-6-von-83-scaled.jpg 1707w\" sizes=\"auto, (max-width: 339px) 100vw, 339px\" \/><\/figure>\n\n\n\n<p>Wir sind: Babs und Fabe<\/p>\n\n\n\n<p>Gerne erz\u00e4hlen wir dir hier etwas mehr \u00fcber uns:<\/p>\n\n\n\n<p><strong>Fabe<\/strong> (Fabienne Binz), verheiratet mit dem wunderbaren Daniel, hat drei wunderbare Kinder, Alisha, Luca und Yamuna. Aufgewachsen in Burgdorf, wohnt sie nun seit 12 Jahren zusammen mit ihrer Familie in Kr\u00e4iligen.<br>Ausserhalb des N\u00e4hzimmers trifft man Fabe auf den regionalen Feldwegen, als medizinische Praxisassistentin in einer Arztpraxis, in der Drogerie Elmer oder mit dem Wohnwagen in Norddeutschland.<\/p>\n\n\n\n<p><strong>Babs<\/strong> (Barbara Th\u00fcrkauf), verheiratet mit dem wunderbaren Martin, hat drei wunderbare Kinder, Sophie, Louisa und Henry. Aufgewachsen in Wiler, wohnt sie nun seit 11 Jahren mit ihrer Familie in Kr\u00e4iligen.<br>Ausserhalb des N\u00e4hzimmers trifft man Babs auf den regionalen Feldwegen,  im Dorf oder mit dem Wohnwagen in Holland.<\/p>\n\n\n\n<p>Wir haben uns durch unsere \u00e4ltesten T\u00f6chter, welche zusammen den Kindergarten besuchten kennengelernt. Schon bald haben wir unser gemeinsames Hobby auch zusammen gepflegt, und nach und nach ist aus unserer Leidenschaft das Label &#8222;z Chr\u00e4ilige gmacht&#8220; entstanden.<br>In unserer Freizeit n\u00e4hen wir in unseren N\u00e4hkellern entweder gemeinsam oder einsam an den verschiedenen Projekten und Auftr\u00e4gen. <br>Ab und zu sieht man auch unsere Wohnwagen nebeneinander auf einem Campingplatz stehen.<\/p>\n\n\n\n<p>Wir lieben unser Hobby und freuen uns \u00fcber jeden Auftrag und geniessen die M\u00e4rkte und Ausstellungen mit den verschiedenen Kontakten zur &#8222;Aussenwelt&#8220;.<\/p>\n","protected":false},"excerpt":{"rendered":"<p>Wir sind: Babs und Fabe Gerne erz\u00e4hlen wir dir hier etwas mehr \u00fcber uns: Fabe (Fabienne Binz), verheiratet mit dem wunderbaren Daniel, hat drei wunderbare Kinder, Alisha, Luca und Yamuna. Aufgewachsen in Burgdorf, wohnt sie nun seit 12 Jahren zusammen mit ihrer Familie in Kr\u00e4iligen.Ausserhalb des N\u00e4hzimmers trifft man Fabe auf den regionalen Feldwegen, als &hellip; <\/p>\n<p class=\"link-more\"><a href=\"https:\/\/zchraeiligegmacht.ch\/?page_id=44\" class=\"more-link\"><span class=\"screen-reader-text\">\u201e\u00dcber uns\u201c <\/span>weiterlesen<\/a><\/p>\n","protected":false},"author":2,"featured_media":0,"parent":0,"menu_order":0,"comment_status":"closed","ping_status":"closed","template":"","meta":{"footnotes":""},"class_list":["post-44","page","type-page","status-publish","hentry"],"jetpack_sharing_enabled":true,"_links":{"self":[{"href":"https:\/\/zchraeiligegmacht.ch\/index.php?rest_route=\/wp\/v2\/pages\/44","targetHints":{"allow":["GET"]}}],"collection":[{"href":"https:\/\/zchraeiligegmacht.ch\/index.php?rest_route=\/wp\/v2\/pages"}],"about":[{"href":"https:\/\/zchraeiligegmacht.ch\/index.php?rest_route=\/wp\/v2\/types\/page"}],"author":[{"embeddable":true,"href":"https:\/\/zchraeiligegmacht.ch\/index.php?rest_route=\/wp\/v2\/users\/2"}],"replies":[{"embeddable":true,"href":"https:\/\/zchraeiligegmacht.ch\/index.php?rest_route=%2Fwp%2Fv2%2Fcomments&post=44"}],"version-history":[{"count":8,"href":"https:\/\/zchraeiligegmacht.ch\/index.php?rest_route=\/wp\/v2\/pages\/44\/revisions"}],"predecessor-version":[{"id":1073,"href":"https:\/\/zchraeiligegmacht.ch\/index.php?rest_route=\/wp\/v2\/pages\/44\/revisions\/1073"}],"wp:attachment":[{"href":"https:\/\/zchraeiligegmacht.ch\/index.php?rest_route=%2Fwp%2Fv2%2Fmedia&parent=44"}],"curies":[{"name":"wp","href":"https:\/\/api.w.org\/{rel}","templated":true}]}}