{"id":53,"date":"2020-03-15T09:49:57","date_gmt":"2020-03-15T09:49:57","guid":{"rendered":"https:\/\/zchraeiligegmacht.ch\/?page_id=53"},"modified":"2020-03-17T21:54:13","modified_gmt":"2020-03-17T21:54:13","slug":"wegbeschreibung","status":"publish","type":"page","link":"https:\/\/zchraeiligegmacht.ch\/?page_id=53","title":{"rendered":"Wegbeschreibung"},"content":{"rendered":"\n<p>Barbara Th\u00fcrkauf<br>Flurmattweg 2<br>3315 Kr\u00e4iligen<br><a href=\"mailto:info@zchraeiligegmacht.ch\">info@zchraeiligegmacht.ch<\/a><br>079 635 25 55<\/p>\n\n\n\n<figure><iframe loading=\"lazy\" src=\"https:\/\/www.google.com\/maps\/embed?pb=!1m18!1m12!1m3!1d2713.8222990989343!2d7.531383916422673!3d47.14174737915663!2m3!1f0!2f0!3f0!3m2!1i1024!2i768!4f13.1!3m3!1m2!1s0x478e28bdef2b5db5%3A0xb4570d7c4d608f72!2sFlurmattweg+2%2C+3315+Kr%C3%A4iligen!5e0!3m2!1sde!2sch!4v1557519486371!5m2!1sde!2sch\" allowfullscreen=\"\" width=\"600\" height=\"450\"><\/iframe><\/figure>\n\n\n\n<p>Fabienn Binz<br>Solothurnstrasse 72<br>3315 Kr\u00e4iligen<br><a href=\"mailto:info@zchraeiligegmacht.ch\">info@zchraeiligegmacht.ch<\/a><br>079 288 19 38<\/p>\n\n\n\n<iframe loading=\"lazy\" src=\"https:\/\/www.google.com\/maps\/embed?pb=!1m18!1m12!1m3!1d2713.908299369668!2d7.53478201631148!3d47.140062579156634!2m3!1f0!2f0!3f0!3m2!1i1024!2i768!4f13.1!3m3!1m2!1s0x478e28be554a0f71%3A0xf8c72f025ea2a0a6!2sSolothurnstrasse%2072%2C%203315%20Kr%C3%A4iligen!5e0!3m2!1sde!2sch!4v1584265764330!5m2!1sde!2sch\" width=\"600\" height=\"450\" frameborder=\"0\" style=\"border:0;\" allowfullscreen=\"\" aria-hidden=\"false\" tabindex=\"0\"><\/iframe>\n\n\n\n<p><\/p>\n","protected":false},"excerpt":{"rendered":"<p>Barbara Th\u00fcrkaufFlurmattweg 23315 Kr\u00e4iligeninfo@zchraeiligegmacht.ch079 635 25 55 Fabienn BinzSolothurnstrasse 723315 Kr\u00e4iligeninfo@zchraeiligegmacht.ch079 288 19 38<\/p>\n","protected":false},"author":2,"featured_media":0,"parent":0,"menu_order":0,"comment_status":"closed","ping_status":"closed","template":"","meta":{"footnotes":""},"class_list":["post-53","page","type-page","status-publish","hentry"],"jetpack_sharing_enabled":true,"_links":{"self":[{"href":"https:\/\/zchraeiligegmacht.ch\/index.php?rest_route=\/wp\/v2\/pages\/53","targetHints":{"allow":["GET"]}}],"collection":[{"href":"https:\/\/zchraeiligegmacht.ch\/index.php?rest_route=\/wp\/v2\/pages"}],"about":[{"href":"https:\/\/zchraeiligegmacht.ch\/index.php?rest_route=\/wp\/v2\/types\/page"}],"author":[{"embeddable":true,"href":"https:\/\/zchraeiligegmacht.ch\/index.php?rest_route=\/wp\/v2\/users\/2"}],"replies":[{"embeddable":true,"href":"https:\/\/zchraeiligegmacht.ch\/index.php?rest_route=%2Fwp%2Fv2%2Fcomments&post=53"}],"version-history":[{"count":4,"href":"https:\/\/zchraeiligegmacht.ch\/index.php?rest_route=\/wp\/v2\/pages\/53\/revisions"}],"predecessor-version":[{"id":139,"href":"https:\/\/zchraeiligegmacht.ch\/index.php?rest_route=\/wp\/v2\/pages\/53\/revisions\/139"}],"wp:attachment":[{"href":"https:\/\/zchraeiligegmacht.ch\/index.php?rest_route=%2Fwp%2Fv2%2Fmedia&parent=53"}],"curies":[{"name":"wp","href":"https:\/\/api.w.org\/{rel}","templated":true}]}}