{"id":58,"date":"2020-03-15T09:54:38","date_gmt":"2020-03-15T09:54:38","guid":{"rendered":"https:\/\/zchraeiligegmacht.ch\/?page_id=58"},"modified":"2020-03-18T14:10:28","modified_gmt":"2020-03-18T14:10:28","slug":"freunde-partner","status":"publish","type":"page","link":"https:\/\/zchraeiligegmacht.ch\/?page_id=58","title":{"rendered":"Freunde &#038; Partner"},"content":{"rendered":"\n<figure class=\"wp-block-image size-large is-resized\"><img loading=\"lazy\" decoding=\"async\" src=\"https:\/\/zchraeiligegmacht.ch\/wp-content\/uploads\/2020\/03\/schwaubelinaescht-1024x795-1.png\" alt=\"\" class=\"wp-image-59\" width=\"287\" height=\"222\" srcset=\"https:\/\/zchraeiligegmacht.ch\/wp-content\/uploads\/2020\/03\/schwaubelinaescht-1024x795-1.png 1024w, https:\/\/zchraeiligegmacht.ch\/wp-content\/uploads\/2020\/03\/schwaubelinaescht-1024x795-1-350x272.png 350w, https:\/\/zchraeiligegmacht.ch\/wp-content\/uploads\/2020\/03\/schwaubelinaescht-1024x795-1-300x233.png 300w, https:\/\/zchraeiligegmacht.ch\/wp-content\/uploads\/2020\/03\/schwaubelinaescht-1024x795-1-768x596.png 768w\" sizes=\"auto, (max-width: 287px) 100vw, 287px\" \/><figcaption><em>Bauernhofspielgruppe Schwaubelin\u00e4scht in B\u00e4tterkinden<\/em><\/figcaption><\/figure>\n\n\n\n<figure class=\"wp-block-image size-large is-resized\"><img loading=\"lazy\" decoding=\"async\" src=\"https:\/\/zchraeiligegmacht.ch\/wp-content\/uploads\/2020\/03\/logo-batzechlemmer-500px-rgb.png\" alt=\"\" class=\"wp-image-60\" width=\"283\" height=\"187\" srcset=\"https:\/\/zchraeiligegmacht.ch\/wp-content\/uploads\/2020\/03\/logo-batzechlemmer-500px-rgb.png 500w, https:\/\/zchraeiligegmacht.ch\/wp-content\/uploads\/2020\/03\/logo-batzechlemmer-500px-rgb-350x231.png 350w, https:\/\/zchraeiligegmacht.ch\/wp-content\/uploads\/2020\/03\/logo-batzechlemmer-500px-rgb-300x198.png 300w\" sizes=\"auto, (max-width: 283px) 100vw, 283px\" \/><figcaption>Batzechlemmer &#8211; handgefertigte Fingerringe aus Silberm\u00fcnzen in Kr\u00e4iligen<\/figcaption><\/figure>\n\n\n\n<figure class=\"wp-block-image size-large is-resized\"><img loading=\"lazy\" decoding=\"async\" src=\"https:\/\/zchraeiligegmacht.ch\/wp-content\/uploads\/2020\/03\/Logo-und-Text-991x1024.png\" alt=\"\" class=\"wp-image-73\" width=\"288\" height=\"297\" srcset=\"https:\/\/zchraeiligegmacht.ch\/wp-content\/uploads\/2020\/03\/Logo-und-Text-991x1024.png 991w, https:\/\/zchraeiligegmacht.ch\/wp-content\/uploads\/2020\/03\/Logo-und-Text-290x300.png 290w, https:\/\/zchraeiligegmacht.ch\/wp-content\/uploads\/2020\/03\/Logo-und-Text-768x794.png 768w, https:\/\/zchraeiligegmacht.ch\/wp-content\/uploads\/2020\/03\/Logo-und-Text-350x362.png 350w, https:\/\/zchraeiligegmacht.ch\/wp-content\/uploads\/2020\/03\/Logo-und-Text.png 1394w\" sizes=\"auto, (max-width: 288px) 100vw, 288px\" \/><figcaption>Unkomplizierter und bezahlbarer Service f\u00fcr dein Blechinstrument in Kr\u00e4iligen<\/figcaption><\/figure>\n\n\n\n<figure class=\"wp-block-image size-large\"><img loading=\"lazy\" decoding=\"async\" width=\"343\" height=\"147\" src=\"https:\/\/zchraeiligegmacht.ch\/wp-content\/uploads\/2020\/03\/binz.jpeg\" alt=\"\" class=\"wp-image-75\" srcset=\"https:\/\/zchraeiligegmacht.ch\/wp-content\/uploads\/2020\/03\/binz.jpeg 343w, https:\/\/zchraeiligegmacht.ch\/wp-content\/uploads\/2020\/03\/binz-300x129.jpeg 300w\" sizes=\"auto, (max-width: 343px) 100vw, 343px\" \/><figcaption>Der&nbsp;<em>Spengler<\/em>&nbsp;&#8211; Ihr Spezialist in Kr\u00e4iligen und Umgebung<\/figcaption><\/figure>\n\n\n\n<figure class=\"wp-block-image is-resized\"><img loading=\"lazy\" decoding=\"async\" src=\"http:\/\/www.mk-photography.ch\/Bilder\/logo.jpg\" alt=\"The Logo\" width=\"347\" height=\"127\"\/><figcaption>DIE Fotografin unseres Vertrauens. Ideal f\u00fcr Familienshootings mit eigenem Studio in Jegenstorf.<\/figcaption><\/figure>\n\n\n\n<p><\/p>\n\n\n\n<figure class=\"wp-block-image size-large\"><img loading=\"lazy\" decoding=\"async\" width=\"265\" height=\"77\" src=\"https:\/\/zchraeiligegmacht.ch\/wp-content\/uploads\/2020\/03\/image001.jpg\" alt=\"\" class=\"wp-image-146\"\/><figcaption>Ob Gesundheit oder Sch\u00f6nheit, bei der Swidro Elmer in B\u00e4tterkinden findest du alles und wirst immer mit einem L\u00e4cheln empfangen.<\/figcaption><\/figure>\n","protected":false},"excerpt":{"rendered":"","protected":false},"author":2,"featured_media":0,"parent":0,"menu_order":0,"comment_status":"closed","ping_status":"closed","template":"","meta":{"footnotes":""},"class_list":["post-58","page","type-page","status-publish","hentry"],"jetpack_sharing_enabled":true,"_links":{"self":[{"href":"https:\/\/zchraeiligegmacht.ch\/index.php?rest_route=\/wp\/v2\/pages\/58","targetHints":{"allow":["GET"]}}],"collection":[{"href":"https:\/\/zchraeiligegmacht.ch\/index.php?rest_route=\/wp\/v2\/pages"}],"about":[{"href":"https:\/\/zchraeiligegmacht.ch\/index.php?rest_route=\/wp\/v2\/types\/page"}],"author":[{"embeddable":true,"href":"https:\/\/zchraeiligegmacht.ch\/index.php?rest_route=\/wp\/v2\/users\/2"}],"replies":[{"embeddable":true,"href":"https:\/\/zchraeiligegmacht.ch\/index.php?rest_route=%2Fwp%2Fv2%2Fcomments&post=58"}],"version-history":[{"count":5,"href":"https:\/\/zchraeiligegmacht.ch\/index.php?rest_route=\/wp\/v2\/pages\/58\/revisions"}],"predecessor-version":[{"id":147,"href":"https:\/\/zchraeiligegmacht.ch\/index.php?rest_route=\/wp\/v2\/pages\/58\/revisions\/147"}],"wp:attachment":[{"href":"https:\/\/zchraeiligegmacht.ch\/index.php?rest_route=%2Fwp%2Fv2%2Fmedia&parent=58"}],"curies":[{"name":"wp","href":"https:\/\/api.w.org\/{rel}","templated":true}]}}