{"id":1308,"date":"2023-01-10T18:41:39","date_gmt":"2023-01-10T18:41:39","guid":{"rendered":"https:\/\/zchraeiligegmacht.ch\/?post_type=product&#038;p=1308"},"modified":"2026-03-11T15:37:55","modified_gmt":"2026-03-11T15:37:55","slug":"bandudi-kopftueechli-9","status":"publish","type":"product","link":"https:\/\/zchraeiligegmacht.ch\/?product=bandudi-kopftueechli-9","title":{"rendered":"Bandudi (Kopft\u00fcechli) &#8211; Beispielbilder"},"content":{"rendered":"<p>Bandudi verschiedene Gr\u00f6ssen<\/p>\n<p>Die Bandudis haben unsere M\u00e4dchen bis vor kurzem durch Fr\u00fchling,\u00a0 Sommer und Herbst begleitet. Gerne wurden sie getragen, ob bei einem k\u00fchleren Wind oder als Sonnenschutz.<br \/>\nDie herzigen Kofpt\u00fccher sind aus Baumwolle gen\u00e4ht und haben vorne ein dehnbares B\u00fcndchen und im Nacken ein elastic Band. So k\u00f6nnen die T\u00fccher auch \u00fcber mehrere Jahre getragen werden.<\/p>\n<p>Erh\u00e4ltlich in den Gr\u00f6ssen 2, f\u00fcr 1-3 j\u00e4hrige und in der Gr\u00f6sse 3, ab 3 j\u00e4hrig. Da sich jeder Kopf anders entwickelt, d\u00fcrfen die Bandudis auch gerne bei uns anprobiert werden oder wir messen f\u00fcr Euch nach&#8230;<\/p>\n<p>Frag doch gerne bei uns welche Bandudis aktuell an Lager sind. Auch in der Swidro Drogerie Elmer findest du unsere Bandudis direkt zum anprobieren.<\/p>\n<p>Ab Fr. 26.-<\/p>\n","protected":false},"excerpt":{"rendered":"<p>Bandudi verschiedene Gr\u00f6ssen Die Bandudis haben unsere M\u00e4dchen bis vor kurzem durch Fr\u00fchling,\u00a0 Sommer und Herbst begleitet. Gerne wurden sie getragen, ob bei einem k\u00fchleren Wind oder als Sonnenschutz. Die herzigen Kofpt\u00fccher sind aus Baumwolle gen\u00e4ht und haben vorne ein dehnbares B\u00fcndchen und im Nacken ein elastic Band. So k\u00f6nnen die T\u00fccher auch \u00fcber mehrere &hellip; <\/p>\n<p class=\"link-more\"><a href=\"https:\/\/zchraeiligegmacht.ch\/?product=bandudi-kopftueechli-9\" class=\"more-link\"><span class=\"screen-reader-text\">\u201eBandudi (Kopft\u00fcechli) &#8211; Beispielbilder\u201c <\/span>weiterlesen<\/a><\/p>\n","protected":false},"featured_media":1254,"comment_status":"open","ping_status":"closed","template":"","meta":[],"product_brand":[],"product_cat":[41,42],"product_tag":[38,40,39],"class_list":{"0":"post-1308","1":"product","2":"type-product","3":"status-publish","4":"has-post-thumbnail","6":"product_cat-bandudi","7":"product_cat-kopfbedeckung","8":"product_tag-bandudi","9":"product_tag-kinder","10":"product_tag-kopftuch","12":"first","13":"outofstock","14":"sold-individually","15":"shipping-taxable","16":"product-type-simple"},"jetpack_sharing_enabled":true,"_links":{"self":[{"href":"https:\/\/zchraeiligegmacht.ch\/index.php?rest_route=\/wp\/v2\/product\/1308","targetHints":{"allow":["GET"]}}],"collection":[{"href":"https:\/\/zchraeiligegmacht.ch\/index.php?rest_route=\/wp\/v2\/product"}],"about":[{"href":"https:\/\/zchraeiligegmacht.ch\/index.php?rest_route=\/wp\/v2\/types\/product"}],"replies":[{"embeddable":true,"href":"https:\/\/zchraeiligegmacht.ch\/index.php?rest_route=%2Fwp%2Fv2%2Fcomments&post=1308"}],"wp:featuredmedia":[{"embeddable":true,"href":"https:\/\/zchraeiligegmacht.ch\/index.php?rest_route=\/wp\/v2\/media\/1254"}],"wp:attachment":[{"href":"https:\/\/zchraeiligegmacht.ch\/index.php?rest_route=%2Fwp%2Fv2%2Fmedia&parent=1308"}],"wp:term":[{"taxonomy":"product_brand","embeddable":true,"href":"https:\/\/zchraeiligegmacht.ch\/index.php?rest_route=%2Fwp%2Fv2%2Fproduct_brand&post=1308"},{"taxonomy":"product_cat","embeddable":true,"href":"https:\/\/zchraeiligegmacht.ch\/index.php?rest_route=%2Fwp%2Fv2%2Fproduct_cat&post=1308"},{"taxonomy":"product_tag","embeddable":true,"href":"https:\/\/zchraeiligegmacht.ch\/index.php?rest_route=%2Fwp%2Fv2%2Fproduct_tag&post=1308"}],"curies":[{"name":"wp","href":"https:\/\/api.w.org\/{rel}","templated":true}]}}