{"id":1553,"date":"2026-03-11T10:13:50","date_gmt":"2026-03-11T10:13:50","guid":{"rendered":"https:\/\/zchraeiligegmacht.ch\/?post_type=product&#038;p=1553"},"modified":"2026-03-11T10:14:30","modified_gmt":"2026-03-11T10:14:30","slug":"lenkertaeschli-chroemi-moensterli","status":"publish","type":"product","link":"https:\/\/zchraeiligegmacht.ch\/?product=lenkertaeschli-chroemi-moensterli","title":{"rendered":"Lenkert\u00e4schli Chr\u00f6mi M\u00f6nsterli"},"content":{"rendered":"<p>Die Lenkert\u00e4schli sind f\u00fcrs Trotti oder f\u00fcrs Velo \/ Likeabike gedacht und werden aus wasserabweisenden Stoffen gen\u00e4ht.<br \/>\nGr\u00f6sse:<br \/>\nBreite: 14cm<br \/>\nH\u00f6he: 12cm<br \/>\nTiefe: 6.5cm<\/p>\n<p>Befestigung mit Klett<\/p>\n<p>In der Swidrodrogerie Elmer in B\u00e4tterkinden hat es Lenkert\u00e4schli zum sehen und f\u00fchlen.<br \/>\nSuchst Du etwas bestimmtes, darfst Du dich gerne melden.<\/p>\n","protected":false},"excerpt":{"rendered":"<p>Lenkert\u00e4schli Beispiele<\/p>\n","protected":false},"featured_media":1531,"comment_status":"closed","ping_status":"closed","template":"","meta":[],"product_brand":[],"product_cat":[47],"product_tag":[40,163,164,165],"class_list":{"0":"post-1553","1":"product","2":"type-product","3":"status-publish","4":"has-post-thumbnail","6":"product_cat-lenkertaeschli","7":"product_tag-kinder","8":"product_tag-lenkertaeschli","9":"product_tag-trotti","10":"product_tag-velo","12":"first","13":"instock","14":"shipping-taxable","15":"purchasable","16":"product-type-simple"},"jetpack_sharing_enabled":true,"_links":{"self":[{"href":"https:\/\/zchraeiligegmacht.ch\/index.php?rest_route=\/wp\/v2\/product\/1553","targetHints":{"allow":["GET"]}}],"collection":[{"href":"https:\/\/zchraeiligegmacht.ch\/index.php?rest_route=\/wp\/v2\/product"}],"about":[{"href":"https:\/\/zchraeiligegmacht.ch\/index.php?rest_route=\/wp\/v2\/types\/product"}],"replies":[{"embeddable":true,"href":"https:\/\/zchraeiligegmacht.ch\/index.php?rest_route=%2Fwp%2Fv2%2Fcomments&post=1553"}],"wp:featuredmedia":[{"embeddable":true,"href":"https:\/\/zchraeiligegmacht.ch\/index.php?rest_route=\/wp\/v2\/media\/1531"}],"wp:attachment":[{"href":"https:\/\/zchraeiligegmacht.ch\/index.php?rest_route=%2Fwp%2Fv2%2Fmedia&parent=1553"}],"wp:term":[{"taxonomy":"product_brand","embeddable":true,"href":"https:\/\/zchraeiligegmacht.ch\/index.php?rest_route=%2Fwp%2Fv2%2Fproduct_brand&post=1553"},{"taxonomy":"product_cat","embeddable":true,"href":"https:\/\/zchraeiligegmacht.ch\/index.php?rest_route=%2Fwp%2Fv2%2Fproduct_cat&post=1553"},{"taxonomy":"product_tag","embeddable":true,"href":"https:\/\/zchraeiligegmacht.ch\/index.php?rest_route=%2Fwp%2Fv2%2Fproduct_tag&post=1553"}],"curies":[{"name":"wp","href":"https:\/\/api.w.org\/{rel}","templated":true}]}}