{"id":1574,"date":"2026-03-11T12:50:36","date_gmt":"2026-03-11T12:50:36","guid":{"rendered":"https:\/\/zchraeiligegmacht.ch\/?post_type=product&#038;p=1574"},"modified":"2026-03-11T12:51:00","modified_gmt":"2026-03-11T12:51:00","slug":"kameraband-4","status":"publish","type":"product","link":"https:\/\/zchraeiligegmacht.ch\/?product=kameraband-4","title":{"rendered":"Kameraband"},"content":{"rendered":"<p>Kameraband aus Baumwolle, verst\u00e4rkt.<\/p>\n<p>Praktischer Adapter welcher an Kamera befestigt wird, damit Kameraband flexibel weggenommen werden kann.<\/p>\n<p>Adapter sind im Lieferumfang enthalten.<\/p>\n<p>L\u00e4nge zum verstellen.<\/p>\n<p>Gerne auch in Deiner Wunschfarbe, melde dich f\u00fcr Stoffvorschl\u00e4ge bei uns.<br \/>\nLieferfrist 3-4 Wochen.<\/p>\n","protected":false},"excerpt":{"rendered":"<p>Kameraband aus Baumwolle, verst\u00e4rkt. Praktischer Adapter welcher an Kamera befestigt wird, damit Kameraband flexibel weggenommen werden kann. Adapter sind im Lieferumfang enthalten. L\u00e4nge zum verstellen. Gerne auch in Deiner Wunschfarbe, melde dich f\u00fcr Stoffvorschl\u00e4ge bei uns. Lieferfrist 3-4 Wochen.<\/p>\n","protected":false},"featured_media":1570,"comment_status":"closed","ping_status":"closed","template":"","meta":[],"product_brand":[],"product_cat":[57,106,174],"product_tag":[177,179,175,176,178],"class_list":{"0":"post-1574","1":"product","2":"type-product","3":"status-publish","4":"has-post-thumbnail","6":"product_cat-auf-wunsch-2","7":"product_cat-fuer-di-fuer-mi-und-fuer-ues","8":"product_cat-kameraband","9":"product_tag-canon","10":"product_tag-fotografieren","11":"product_tag-kamera","12":"product_tag-kameraband","13":"product_tag-nikon","15":"first","16":"instock","17":"shipping-taxable","18":"purchasable","19":"product-type-simple"},"jetpack_sharing_enabled":true,"_links":{"self":[{"href":"https:\/\/zchraeiligegmacht.ch\/index.php?rest_route=\/wp\/v2\/product\/1574","targetHints":{"allow":["GET"]}}],"collection":[{"href":"https:\/\/zchraeiligegmacht.ch\/index.php?rest_route=\/wp\/v2\/product"}],"about":[{"href":"https:\/\/zchraeiligegmacht.ch\/index.php?rest_route=\/wp\/v2\/types\/product"}],"replies":[{"embeddable":true,"href":"https:\/\/zchraeiligegmacht.ch\/index.php?rest_route=%2Fwp%2Fv2%2Fcomments&post=1574"}],"wp:featuredmedia":[{"embeddable":true,"href":"https:\/\/zchraeiligegmacht.ch\/index.php?rest_route=\/wp\/v2\/media\/1570"}],"wp:attachment":[{"href":"https:\/\/zchraeiligegmacht.ch\/index.php?rest_route=%2Fwp%2Fv2%2Fmedia&parent=1574"}],"wp:term":[{"taxonomy":"product_brand","embeddable":true,"href":"https:\/\/zchraeiligegmacht.ch\/index.php?rest_route=%2Fwp%2Fv2%2Fproduct_brand&post=1574"},{"taxonomy":"product_cat","embeddable":true,"href":"https:\/\/zchraeiligegmacht.ch\/index.php?rest_route=%2Fwp%2Fv2%2Fproduct_cat&post=1574"},{"taxonomy":"product_tag","embeddable":true,"href":"https:\/\/zchraeiligegmacht.ch\/index.php?rest_route=%2Fwp%2Fv2%2Fproduct_tag&post=1574"}],"curies":[{"name":"wp","href":"https:\/\/api.w.org\/{rel}","templated":true}]}}