{"id":1667,"date":"2026-03-11T15:54:02","date_gmt":"2026-03-11T15:54:02","guid":{"rendered":"https:\/\/zchraeiligegmacht.ch\/?post_type=product&#038;p=1667"},"modified":"2026-03-11T16:00:11","modified_gmt":"2026-03-11T16:00:11","slug":"portemonnaie-gross-beispielbilder","status":"publish","type":"product","link":"https:\/\/zchraeiligegmacht.ch\/?product=portemonnaie-gross-beispielbilder","title":{"rendered":"Portemonnaie gross &#8211; Beispielbilder"},"content":{"rendered":"<p>Portemonnaie gross<\/p>\n<p>Aussen: Wachstuch\/beschichtetes Leinen<br \/>\nInnen: Baumwolle<\/p>\n<p>Drei Reissverschlussf\u00e4cher f\u00fcr M\u00fcnz, 12 Kartenf\u00e4chli (bieten auch Platz f\u00fcr mehr als eine Karte)<br \/>\nZum schliessen mit Druckknopf<\/p>\n<p>Gr\u00f6sse: 20cm x 13cm<\/p>\n<p>Melde dich wenn Du einen speziellen Wunsch hast, gerne schauen wir auch f\u00fcr dich was noch bei uns am Lager ist.<\/p>\n<p>Ab Fr. 79.-<\/p>\n<p>&nbsp;<\/p>\n","protected":false},"excerpt":{"rendered":"<p>Portemonnaie gross Aussen: Wachstuch\/beschichtetes Leinen Innen: Baumwolle Drei Reissverschlussf\u00e4cher f\u00fcr M\u00fcnz, 12 Kartenf\u00e4chli (bieten auch Platz f\u00fcr mehr als eine Karte) Zum schliessen mit Druckknopf Gr\u00f6sse: 20cm x 13cm Melde dich wenn Du einen speziellen Wunsch hast, gerne schauen wir auch f\u00fcr dich was noch bei uns am Lager ist. Ab Fr. 79.- &nbsp;<\/p>\n","protected":false},"featured_media":949,"comment_status":"open","ping_status":"closed","template":"","meta":[],"product_brand":[],"product_cat":[22,48],"product_tag":[20],"class_list":{"0":"post-1667","1":"product","2":"type-product","3":"status-publish","4":"has-post-thumbnail","6":"product_cat-portemonnaie","7":"product_cat-portemonnaie-gross","8":"product_tag-portemonnaie","10":"first","11":"outofstock","12":"sold-individually","13":"shipping-taxable","14":"product-type-simple"},"jetpack_sharing_enabled":true,"_links":{"self":[{"href":"https:\/\/zchraeiligegmacht.ch\/index.php?rest_route=\/wp\/v2\/product\/1667","targetHints":{"allow":["GET"]}}],"collection":[{"href":"https:\/\/zchraeiligegmacht.ch\/index.php?rest_route=\/wp\/v2\/product"}],"about":[{"href":"https:\/\/zchraeiligegmacht.ch\/index.php?rest_route=\/wp\/v2\/types\/product"}],"replies":[{"embeddable":true,"href":"https:\/\/zchraeiligegmacht.ch\/index.php?rest_route=%2Fwp%2Fv2%2Fcomments&post=1667"}],"wp:featuredmedia":[{"embeddable":true,"href":"https:\/\/zchraeiligegmacht.ch\/index.php?rest_route=\/wp\/v2\/media\/949"}],"wp:attachment":[{"href":"https:\/\/zchraeiligegmacht.ch\/index.php?rest_route=%2Fwp%2Fv2%2Fmedia&parent=1667"}],"wp:term":[{"taxonomy":"product_brand","embeddable":true,"href":"https:\/\/zchraeiligegmacht.ch\/index.php?rest_route=%2Fwp%2Fv2%2Fproduct_brand&post=1667"},{"taxonomy":"product_cat","embeddable":true,"href":"https:\/\/zchraeiligegmacht.ch\/index.php?rest_route=%2Fwp%2Fv2%2Fproduct_cat&post=1667"},{"taxonomy":"product_tag","embeddable":true,"href":"https:\/\/zchraeiligegmacht.ch\/index.php?rest_route=%2Fwp%2Fv2%2Fproduct_tag&post=1667"}],"curies":[{"name":"wp","href":"https:\/\/api.w.org\/{rel}","templated":true}]}}