{"id":1688,"date":"2026-03-24T17:34:45","date_gmt":"2026-03-24T17:34:45","guid":{"rendered":"https:\/\/zchraeiligegmacht.ch\/?post_type=product&#038;p=1688"},"modified":"2026-03-24T17:40:03","modified_gmt":"2026-03-24T17:40:03","slug":"bauchtaeschli-cord","status":"publish","type":"product","link":"https:\/\/zchraeiligegmacht.ch\/?product=bauchtaeschli-cord","title":{"rendered":"Baucht\u00e4schli Cord"},"content":{"rendered":"<p>&nbsp;<\/p>\n<p><strong>Baucht\u00e4schli Cord<\/strong><\/p>\n<p>&nbsp;<\/p>\n<p>Alle Baucht\u00e4schli haben 3 F\u00e4cher, ein r\u00fcckw\u00e4rtiges Fach welches eng am K\u00f6rper anliegt, ein vorderes Fach welches durch eine Lasche gesch\u00fctzt ist und das Hauptfach welches sogar Platz f\u00fcr eine kleine Petflasche bietet.<\/p>\n<p>Dieses Baucht\u00e4schli ist etwas gr\u00f6sser als die bisherigen.<\/p>\n<p>Das Baucht\u00e4schli hat eine Breite von ca. 27.5cm Breit und eine H\u00f6he von ca. 16cm<\/p>\n<p>In der Swidro Drogerie Elmer in B\u00e4tterkinden sind laufend aktuelle Modelle ausgestellt, zum anfassen, \u00f6ffnen und kaufen.<\/p>\n<p>Hast Du einen speziellen Wunsch? Melde dich.<\/p>\n","protected":false},"excerpt":{"rendered":"<p>&nbsp; Baucht\u00e4schli Cord &nbsp; Alle Baucht\u00e4schli haben 3 F\u00e4cher, ein r\u00fcckw\u00e4rtiges Fach welches eng am K\u00f6rper anliegt, ein vorderes Fach welches durch eine Lasche gesch\u00fctzt ist und das Hauptfach welches sogar Platz f\u00fcr eine kleine Petflasche bietet. Dieses Baucht\u00e4schli ist etwas gr\u00f6sser als die bisherigen. Das Baucht\u00e4schli hat eine Breite von ca. 27.5cm Breit und &hellip; <\/p>\n<p class=\"link-more\"><a href=\"https:\/\/zchraeiligegmacht.ch\/?product=bauchtaeschli-cord\" class=\"more-link\"><span class=\"screen-reader-text\">\u201eBaucht\u00e4schli Cord\u201c <\/span>weiterlesen<\/a><\/p>\n","protected":false},"featured_media":1685,"comment_status":"closed","ping_status":"closed","template":"","meta":[],"product_brand":[],"product_cat":[79,23],"product_tag":[80,189,81],"class_list":{"0":"post-1688","1":"product","2":"type-product","3":"status-publish","4":"has-post-thumbnail","6":"product_cat-bauchtaeschli","7":"product_cat-taschen","8":"product_tag-bauchtaeschli","9":"product_tag-begleiter","10":"product_tag-buuchtaeschli","12":"first","13":"instock","14":"shipping-taxable","15":"purchasable","16":"product-type-simple"},"jetpack_sharing_enabled":true,"_links":{"self":[{"href":"https:\/\/zchraeiligegmacht.ch\/index.php?rest_route=\/wp\/v2\/product\/1688","targetHints":{"allow":["GET"]}}],"collection":[{"href":"https:\/\/zchraeiligegmacht.ch\/index.php?rest_route=\/wp\/v2\/product"}],"about":[{"href":"https:\/\/zchraeiligegmacht.ch\/index.php?rest_route=\/wp\/v2\/types\/product"}],"replies":[{"embeddable":true,"href":"https:\/\/zchraeiligegmacht.ch\/index.php?rest_route=%2Fwp%2Fv2%2Fcomments&post=1688"}],"wp:featuredmedia":[{"embeddable":true,"href":"https:\/\/zchraeiligegmacht.ch\/index.php?rest_route=\/wp\/v2\/media\/1685"}],"wp:attachment":[{"href":"https:\/\/zchraeiligegmacht.ch\/index.php?rest_route=%2Fwp%2Fv2%2Fmedia&parent=1688"}],"wp:term":[{"taxonomy":"product_brand","embeddable":true,"href":"https:\/\/zchraeiligegmacht.ch\/index.php?rest_route=%2Fwp%2Fv2%2Fproduct_brand&post=1688"},{"taxonomy":"product_cat","embeddable":true,"href":"https:\/\/zchraeiligegmacht.ch\/index.php?rest_route=%2Fwp%2Fv2%2Fproduct_cat&post=1688"},{"taxonomy":"product_tag","embeddable":true,"href":"https:\/\/zchraeiligegmacht.ch\/index.php?rest_route=%2Fwp%2Fv2%2Fproduct_tag&post=1688"}],"curies":[{"name":"wp","href":"https:\/\/api.w.org\/{rel}","templated":true}]}}