{"id":478,"date":"2020-04-06T14:24:46","date_gmt":"2020-04-06T14:24:46","guid":{"rendered":"https:\/\/zchraeiligegmacht.ch\/?post_type=product&#038;p=478"},"modified":"2020-11-05T10:46:29","modified_gmt":"2020-11-05T10:46:29","slug":"kindergartentaeschli-auf-wunsch","status":"publish","type":"product","link":"https:\/\/zchraeiligegmacht.ch\/?product=kindergartentaeschli-auf-wunsch","title":{"rendered":"Kindergartent\u00e4schli &#8211; auf Wunsch"},"content":{"rendered":"<p>Lass dein zuk\u00fcnftiges Spielgruppen- oder Kindergartenkind sein Chindergartent\u00e4schli selber zusammenstellen.<\/p>\n<p>Mit unserer Hilfe k\u00f6nnt ihr anhand von Stoffmustern selber bestimmen wie das T\u00e4schli werden soll. Auch dem Motiv sind fast keine Grenzen gesetzt.<\/p>\n<p>Wir freuen uns dich pers\u00f6nlich beraten zu d\u00fcrfen. Die Fotos sind alles Beispielbilder, die T\u00e4schli haben wir nicht an Lager. Die Lieferzeiten betragen ca. 4 Wochen.<\/p>\n","protected":false},"excerpt":{"rendered":"<p>Kindergartent\u00e4schli &#8211; auf Wunsch<\/p>\n","protected":false},"featured_media":468,"comment_status":"open","ping_status":"closed","template":"","meta":[],"product_brand":[],"product_cat":[57,61,23],"product_tag":[],"class_list":{"0":"post-478","1":"product","2":"type-product","3":"status-publish","4":"has-post-thumbnail","6":"product_cat-auf-wunsch-2","7":"product_cat-kindergartentaeschli-auf-wunsch-2","8":"product_cat-taschen","10":"first","11":"outofstock","12":"shipping-taxable","13":"purchasable","14":"product-type-simple"},"jetpack_sharing_enabled":true,"_links":{"self":[{"href":"https:\/\/zchraeiligegmacht.ch\/index.php?rest_route=\/wp\/v2\/product\/478","targetHints":{"allow":["GET"]}}],"collection":[{"href":"https:\/\/zchraeiligegmacht.ch\/index.php?rest_route=\/wp\/v2\/product"}],"about":[{"href":"https:\/\/zchraeiligegmacht.ch\/index.php?rest_route=\/wp\/v2\/types\/product"}],"replies":[{"embeddable":true,"href":"https:\/\/zchraeiligegmacht.ch\/index.php?rest_route=%2Fwp%2Fv2%2Fcomments&post=478"}],"wp:featuredmedia":[{"embeddable":true,"href":"https:\/\/zchraeiligegmacht.ch\/index.php?rest_route=\/wp\/v2\/media\/468"}],"wp:attachment":[{"href":"https:\/\/zchraeiligegmacht.ch\/index.php?rest_route=%2Fwp%2Fv2%2Fmedia&parent=478"}],"wp:term":[{"taxonomy":"product_brand","embeddable":true,"href":"https:\/\/zchraeiligegmacht.ch\/index.php?rest_route=%2Fwp%2Fv2%2Fproduct_brand&post=478"},{"taxonomy":"product_cat","embeddable":true,"href":"https:\/\/zchraeiligegmacht.ch\/index.php?rest_route=%2Fwp%2Fv2%2Fproduct_cat&post=478"},{"taxonomy":"product_tag","embeddable":true,"href":"https:\/\/zchraeiligegmacht.ch\/index.php?rest_route=%2Fwp%2Fv2%2Fproduct_tag&post=478"}],"curies":[{"name":"wp","href":"https:\/\/api.w.org\/{rel}","templated":true}]}}