{"id":491,"date":"2020-04-10T14:50:24","date_gmt":"2020-04-10T14:50:24","guid":{"rendered":"https:\/\/zchraeiligegmacht.ch\/?post_type=product&#038;p=491"},"modified":"2021-12-12T14:01:23","modified_gmt":"2021-12-12T14:01:23","slug":"kinderruckseckli","status":"publish","type":"product","link":"https:\/\/zchraeiligegmacht.ch\/?product=kinderruckseckli","title":{"rendered":"Kinderruckseckli"},"content":{"rendered":"<p>Ruckseckli f\u00fcr die Spielgruppe, den Kindergarten oder die Wanderung&#8230;<\/p>\n<p>Gerne stellen wir mit dem Kind und\/oder Eltern einen Rucksack ganz individuell zusammen.<br \/>\nIdealerweise wird das Ruckseckli aussen mit wasserabweisendem Stoff gefertigt, Innen sind mehrere Varianten m\u00f6glich.<br \/>\nAussen ist ein Fach mit Reissverschluss, innen ein Einsteckfach zB. f\u00fcr ein Infoblatt, beidseitig aussen sind F\u00e4cher f\u00fcr zB. eine kleine Trinkflasche.<\/p>\n<p>Gr\u00f6sse<br \/>\nH\u00f6he: 29cm<br \/>\nBreite: 23cm<br \/>\nSeite: 9.5cm<\/p>\n<p>Der Rucksack kostet Fr. 95.-, exkl. Bild auf der Vorderseite. F\u00fcr das Bild berechnen wir je nach Aufwand ca. 15.&#8211;20.- Fr.<br \/>\nEbenfalls auf Wunsch, zB. wenn das Kind den Rucksack aufs Velo anziehen muss, machen wir einen Brustgurt dazu (+Fr. 8.-)<\/p>\n<p>Die Ruckseckli haben wir nicht am Lager. Diese machen wir auf Bestellung, deshalb musst du mit einer Lieferdauer von ca. 4 Wochen rechnen.<\/p>\n<p>Unter diesem Link kannst du einen kleinen Einblick in die Vielfalt der m\u00f6glichen Stoffe werfen.<br \/>\n<a href=\"https:\/\/www.kreando.ch\/stoffe\/beschichtete-stoffe\/\">https:\/\/www.kreando.ch\/stoffe\/beschichtete-stoffe\/<\/a><\/p>\n","protected":false},"excerpt":{"rendered":"<p>Kinderruckseckli<\/p>\n","protected":false},"featured_media":484,"comment_status":"open","ping_status":"closed","template":"","meta":[],"product_brand":[],"product_cat":[57,66],"product_tag":[40,62,27,67,63],"class_list":{"0":"post-491","1":"product","2":"type-product","3":"status-publish","4":"has-post-thumbnail","6":"product_cat-auf-wunsch-2","7":"product_cat-kinderruckseckli-auf-wunsch-2","8":"product_tag-kinder","9":"product_tag-kindergarten","10":"product_tag-rucksack","11":"product_tag-ruckseckli","12":"product_tag-spielgruppe","14":"first","15":"outofstock","16":"shipping-taxable","17":"purchasable","18":"product-type-simple"},"jetpack_sharing_enabled":true,"_links":{"self":[{"href":"https:\/\/zchraeiligegmacht.ch\/index.php?rest_route=\/wp\/v2\/product\/491","targetHints":{"allow":["GET"]}}],"collection":[{"href":"https:\/\/zchraeiligegmacht.ch\/index.php?rest_route=\/wp\/v2\/product"}],"about":[{"href":"https:\/\/zchraeiligegmacht.ch\/index.php?rest_route=\/wp\/v2\/types\/product"}],"replies":[{"embeddable":true,"href":"https:\/\/zchraeiligegmacht.ch\/index.php?rest_route=%2Fwp%2Fv2%2Fcomments&post=491"}],"wp:featuredmedia":[{"embeddable":true,"href":"https:\/\/zchraeiligegmacht.ch\/index.php?rest_route=\/wp\/v2\/media\/484"}],"wp:attachment":[{"href":"https:\/\/zchraeiligegmacht.ch\/index.php?rest_route=%2Fwp%2Fv2%2Fmedia&parent=491"}],"wp:term":[{"taxonomy":"product_brand","embeddable":true,"href":"https:\/\/zchraeiligegmacht.ch\/index.php?rest_route=%2Fwp%2Fv2%2Fproduct_brand&post=491"},{"taxonomy":"product_cat","embeddable":true,"href":"https:\/\/zchraeiligegmacht.ch\/index.php?rest_route=%2Fwp%2Fv2%2Fproduct_cat&post=491"},{"taxonomy":"product_tag","embeddable":true,"href":"https:\/\/zchraeiligegmacht.ch\/index.php?rest_route=%2Fwp%2Fv2%2Fproduct_tag&post=491"}],"curies":[{"name":"wp","href":"https:\/\/api.w.org\/{rel}","templated":true}]}}